{"id":918,"date":"2014-09-23T23:46:00","date_gmt":"2014-09-24T03:46:00","guid":{"rendered":"http:\/\/sunhawk.ca\/art\/?page_id=918"},"modified":"2017-03-01T22:45:55","modified_gmt":"2017-03-02T03:45:55","slug":"publication-samples","status":"publish","type":"page","link":"http:\/\/sunhawk.ca\/art\/creativum-vitae\/skill-set\/publication-samples","title":{"rendered":"Publication Samples"},"content":{"rendered":"<h4>Graphic Designer &amp; Copywriting Editor<\/h4>\n<p><strong>Jewish Review<\/strong> &#8211; Spring 2013, Fall 2013, Spring 2014, Fall 2014, Spring 2015, Winter 2015, Summer 2016, Winter 2016<\/p>\n<p><a href=\"http:\/\/sunhawk.ca\/art\/wp-content\/uploads\/JewishReview_Spring2013.pdf\" target=\"_blank\"><img loading=\"lazy\" decoding=\"async\" class=\"alignnone size-full wp-image-919\" alt=\"Jewish Review - Spring 2013\" src=\"http:\/\/sunhawk.ca\/art\/wp-content\/uploads\/JewishReview_Spring2013-cover.jpg\" width=\"131\" height=\"159\" \/><\/a><a href=\"http:\/\/sunhawk.ca\/art\/wp-content\/uploads\/JewishReview_Fall2013.pdf\" target=\"_blank\"><img loading=\"lazy\" decoding=\"async\" class=\"alignnone size-full wp-image-920\" style=\"margin-left: 15px; margin-right: 15px;\" alt=\"Jewish Review - Fall 2013\" src=\"http:\/\/sunhawk.ca\/art\/wp-content\/uploads\/JewishReview_Fall2013_cover.jpg\" width=\"131\" height=\"159\" \/><\/a><a href=\"http:\/\/sunhawk.ca\/art\/wp-content\/uploads\/JewishReview_Spring2014.pdf\" target=\"_blank\"><img loading=\"lazy\" decoding=\"async\" class=\"alignnone size-full wp-image-921\" alt=\"Jewish Review - Spring 2014\" src=\"http:\/\/sunhawk.ca\/art\/wp-content\/uploads\/JewishReview_Spring2014_cover.jpg\" width=\"133\" height=\"159\"  \/><\/a><a href=\"http:\/\/sunhawk.ca\/art\/wp-content\/uploads\/Jewish_Review14-Fall-WEB.pdf\" target=\"_blank\"><img loading=\"lazy\" decoding=\"async\" class=\"alignnone\" src=\"http:\/\/sunhawk.ca\/art\/wp-content\/uploads\/JR-fall2015-cover.jpg\" width=\"133\" height=\"159\" style=\"margin-left: 15px; margin-right: 15px;\" alt=\"Jewish Review - Fall 2014\"><\/a><a href=\"http:\/\/sunhawk.ca\/art\/wp-content\/uploads\/JewishReview_Spring2015.pdf\" target=\"_blank\"><img loading=\"lazy\" decoding=\"async\" class=\"alignnone\" src=\"http:\/\/sunhawk.ca\/art\/wp-content\/uploads\/JewishReview_Spring2015_cover.jpg\" style=\"margin-right: 15px;\" alt=\"Jewish Review - Spring 2015\" width=\"131\" height=\"161\" ><\/a><a href=\"http:\/\/sunhawk.ca\/art\/wp-content\/uploads\/JRwinter2016.pdf\" target=\"blank\"><img loading=\"lazy\" decoding=\"async\" src=\"http:\/\/sunhawk.ca\/art\/wp-content\/uploads\/JewishReview_Winter2016-cover.jpg\" alt=\"\" width=\"131\" height=\"161\" class=\"alignnone size-full wp-image-1325\" \/><\/a><a href=\"http:\/\/sunhawk.ca\/art\/wp-content\/uploads\/JewishReview16_Summer_2016-ONLINE.pdf\" target=\"_blank\"><img loading=\"lazy\" decoding=\"async\" src=\"http:\/\/sunhawk.ca\/art\/wp-content\/uploads\/JR-Summer-2016-cover_thumb.jpg\" alt=\"Jewish Review - Summer 2016\" width=\"131\" height=\"161\" class=\"alignnone size-full wp-image-1370\" style=\"margin-left: 15px; margin-right: 15px;\" \/><\/a><a href=\"http:\/\/sunhawk.ca\/art\/wp-content\/uploads\/JewishReview16_Winter-Online-web.pdf\" target=\"_blank\"><img loading=\"lazy\" decoding=\"async\" src=\"http:\/\/sunhawk.ca\/art\/wp-content\/uploads\/JR-Winter-2016_cover_thumb.jpg\" alt=\"\" width=\"131\" height=\"161\" class=\"alignnone size-full wp-image-1392\" \/><\/a><\/p>\n<p>&nbsp;<\/p>\n<h4>Article Author<\/h4>\n<p>Jewish Review &#8211; Spring 2014 &#8211; <a href=\"http:\/\/sunhawk.ca\/art\/from-the-lets-eat-good-project\">Read the article<\/a><\/p>\n<p><a href=\"http:\/\/sunhawk.ca\/art\/wp-content\/uploads\/JR-2014-Spring_food-article01.png\" rel=\"lightbox\" alt=\"Mad Menus - Jewish Review article pg 1 - Spring 2014\"><img loading=\"lazy\" decoding=\"async\" src=\"http:\/\/sunhawk.ca\/art\/wp-content\/uploads\/JR-2014-Spring_food-article01_thumb.jpg\" alt=\"Mad Menus - Jewish Review article pg 1 - Spring 2014\" width=\"128\" height=\"159\" class=\"alignnone size-full wp-image-931\" style=\"margin-right: 15px;\" \/><\/a><a href=\"http:\/\/sunhawk.ca\/art\/wp-content\/uploads\/JR-2014-Spring_food-article02.png\" alt=\"Mad Menus - Jewish Review article pg 2 - Spring 2014\" rel=\"lightbox\" \/><img loading=\"lazy\" decoding=\"async\" src=\"http:\/\/sunhawk.ca\/art\/wp-content\/uploads\/JR-2014-Spring_food-article02_thumb.jpg\" alt=\"Mad Menus - Jewish Review article pg 2 - Spring 2014\" width=\"250\" height=\"159\" class=\"alignnone size-full wp-image-938\" srcset=\"http:\/\/sunhawk.ca\/art\/wp-content\/uploads\/JR-2014-Spring_food-article02_thumb.jpg 250w, http:\/\/sunhawk.ca\/art\/wp-content\/uploads\/JR-2014-Spring_food-article02_thumb-200x127.jpg 200w\" sizes=\"(max-width: 250px) 100vw, 250px\" \/><\/a><\/p>\n<p>&nbsp;<\/p>\n<p>Jewish Review &#8211; Fall 2014 &#8211; <a href=\"http:\/\/sunhawk.ca\/art\/from-the-lets-eat-good-project\">Read the article<\/a><\/p>\n<p><a href=\"http:\/\/sunhawk.ca\/art\/wp-content\/uploads\/JR-fall2015-food-article-pg1-2.jpg\" rel=\"lightbox\"><img loading=\"lazy\" decoding=\"async\" src=\"http:\/\/sunhawk.ca\/art\/wp-content\/uploads\/JR-fall2015-food-article-pg1-2_thumb.jpg\" width=\"247\" height=\"159\" class=\"alignnone size-full wp-image-954\" alt=\"World Class Cuisine - Jewish Review article pg 1,2 - Fall 2014\" srcset=\"http:\/\/sunhawk.ca\/art\/wp-content\/uploads\/JR-fall2015-food-article-pg1-2_thumb.jpg 247w, http:\/\/sunhawk.ca\/art\/wp-content\/uploads\/JR-fall2015-food-article-pg1-2_thumb-200x129.jpg 200w\" sizes=\"(max-width: 247px) 100vw, 247px\" \/><\/a><a href=\"http:\/\/sunhawk.ca\/art\/wp-content\/uploads\/JR-fall2015-food-article-pg3.jpg\" rel=\"lightbox\"><img loading=\"lazy\" decoding=\"async\" src=\"http:\/\/sunhawk.ca\/art\/wp-content\/uploads\/JR-fall2015-food-article-pg3_thumb.jpg\" alt=\"World Class Cuisine - Jewish Review article pg 3 - Fall 2014\" width=\"124\" height=\"159\" class=\"alignnone size-full wp-image-955\" \/><\/a><\/p>\n<p>&nbsp;<\/p>\n<p>Jewish Review &#8211; Spring 2015 &#8211; <a href=\"http:\/\/sunhawk.ca\/art\/patio-paradise\">Read the article<\/a><\/p>\n<p><a href=\"http:\/\/sunhawk.ca\/art\/wp-content\/uploads\/JR-2015-Spring_patio-article01.jpg\" rel=\"lightbox\"><img loading=\"lazy\" decoding=\"async\" src=\"http:\/\/sunhawk.ca\/art\/wp-content\/uploads\/JR-2015-Spring_patio-article01_thumb.jpg\" alt=\"Patio Paradise - Jewish Review article pg 1 - Spring 2015\" width=\"123\" height=\"159\" class=\"alignnone size-full wp-image-1114\" \/><\/a><a href=\"http:\/\/sunhawk.ca\/art\/wp-content\/uploads\/JR-2015-Spring_patio-article02.jpg\" rel=\"lightbox\"><img loading=\"lazy\" decoding=\"async\" src=\"http:\/\/sunhawk.ca\/art\/wp-content\/uploads\/JR-2015-Spring_patio-article02_thumb.jpg\" alt=\"Patio Paradise - Jewish Review article pg 2,3 - Spring 2015\" width=\"247\" height=\"159\" class=\"alignnone size-full wp-image-1116\" srcset=\"http:\/\/sunhawk.ca\/art\/wp-content\/uploads\/JR-2015-Spring_patio-article02_thumb.jpg 247w, http:\/\/sunhawk.ca\/art\/wp-content\/uploads\/JR-2015-Spring_patio-article02_thumb-200x129.jpg 200w\" sizes=\"(max-width: 247px) 100vw, 247px\" \/><\/a><\/p>\n<p>&nbsp;<\/p>\n<p>Jewish Review &#8211; Winter 2015 &#8211; <a href=\"http:\/\/sunhawk.ca\/art\/sustainably-delicious\">Read the article<\/a><\/p>\n<p><a href=\"http:\/\/sunhawk.ca\/art\/wp-content\/uploads\/JR-2016-Winter_green-article01.jpg\" rel=\"lightbox\"><img loading=\"lazy\" decoding=\"async\" src=\"http:\/\/sunhawk.ca\/art\/wp-content\/uploads\/JR-2016-Winter_green-article01_thumb.jpg\" alt=\"Sustainably Delicious - Jewish Review - Winter 2016 Winter - pg 1\" width=\"123\" height=\"159\" class=\"alignnone size-full wp-image-1214\" \/><\/a><a href=\"http:\/\/sunhawk.ca\/art\/wp-content\/uploads\/JR-2016-Winter_green-article02.jpg\" rel=\"lightbox\"><img loading=\"lazy\" decoding=\"async\" src=\"http:\/\/sunhawk.ca\/art\/wp-content\/uploads\/JR-2016-Winter_green-article02_thumb.jpg\" alt=\"Sustainably Delicious - Jewish Review - Winter 2016 Winter - pg 2\" width=\"246\" height=\"159\" class=\"alignnone size-full wp-image-1216\" srcset=\"http:\/\/sunhawk.ca\/art\/wp-content\/uploads\/JR-2016-Winter_green-article02_thumb.jpg 246w, http:\/\/sunhawk.ca\/art\/wp-content\/uploads\/JR-2016-Winter_green-article02_thumb-200x129.jpg 200w\" sizes=\"(max-width: 246px) 100vw, 246px\" \/><\/a><a href=\"http:\/\/sunhawk.ca\/art\/wp-content\/uploads\/JR-2016-Winter_green-article03.jpg\" rel=\"lightbox\"><img loading=\"lazy\" decoding=\"async\" src=\"http:\/\/sunhawk.ca\/art\/wp-content\/uploads\/JR-2016-Winter_green-article03_thumb.jpg\" alt=\"Sustainably Delicious - Jewish Review - Winter 2016 Winter - pg 3\" width=\"246\" height=\"159\" class=\"alignnone size-full wp-image-1212\" srcset=\"http:\/\/sunhawk.ca\/art\/wp-content\/uploads\/JR-2016-Winter_green-article03_thumb.jpg 246w, http:\/\/sunhawk.ca\/art\/wp-content\/uploads\/JR-2016-Winter_green-article03_thumb-200x129.jpg 200w\" sizes=\"(max-width: 246px) 100vw, 246px\" \/><\/a><\/p>\n<p>&nbsp;<\/p>\n<p>Jewish Review &#8211; Summer 2016 &#8211; <a href=\"http:\/\/sunhawk.ca\/art\/la-creme-de-la-creme-glacee\">Read the article<\/a><\/p>\n<p><a href=\"http:\/\/sunhawk.ca\/art\/wp-content\/uploads\/JR-Summer-2016_ice-cream1.jpg\" rel=\"lightbox\"><img decoding=\"async\" class=\"alignnone size-full wp-image-1214\" src=\"http:\/\/sunhawk.ca\/art\/wp-content\/uploads\/JR-Summer-2016_ice-cream1_thumb.jpg\" alt=\"La Cr\u00e8me de la Cr\u00e8me Glac\u00e9e - Jewish Review Summer 2016 - pg 1\" height=\"150\" \/><\/a><a href=\"http:\/\/sunhawk.ca\/art\/wp-content\/uploads\/JR-Summer-2016_ice-cream2.jpg\" rel=\"lightbox\"><img decoding=\"async\" class=\"alignnone size-full wp-image-1216\" src=\"http:\/\/sunhawk.ca\/art\/wp-content\/uploads\/JR-Summer-2016_ice-cream2_thumb.jpg\" alt=\"La Cr\u00e8me de la Cr\u00e8me Glac\u00e9e - Jewish Review Summer 2016 - pg 2\" height=\"150\" \/><\/a><a href=\"http:\/\/sunhawk.ca\/art\/wp-content\/uploads\/JR-Summer-2016_ice-cream3.jpg\" rel=\"lightbox\"><img decoding=\"async\" class=\"alignnone size-full wp-image-1212\" src=\"http:\/\/sunhawk.ca\/art\/wp-content\/uploads\/JR-Summer-2016_ice-cream3_thumb.jpg\" alt=\"La Cr\u00e8me de la Cr\u00e8me Glac\u00e9e - Jewish Review Summer 2016 - pg 3\" height=\"150\" \/><\/a><a href=\"http:\/\/sunhawk.ca\/art\/wp-content\/uploads\/JR-Summer-2016_ice-cream4.jpg\" rel=\"lightbox\"><img decoding=\"async\" class=\"alignnone size-full wp-image-1212\" src=\"http:\/\/sunhawk.ca\/art\/wp-content\/uploads\/JR-Summer-2016_ice-cream4_thumb.jpg\" alt=\"La Cr\u00e8me de la Cr\u00e8me Glac\u00e9e - Jewish Review Summer 2016 - pg 4\" height=\"150\" \/><\/a><\/p>\n<p>&nbsp;<\/p>\n<p>Jewish Review &#8211; Winter 2016 &#8211; <a href=\"http:\/\/sunhawk.ca\/art\/leonard-cohen-another-black-star-falls\">Read the article<\/a><\/p>\n<p><a href=\"http:\/\/sunhawk.ca\/art\/wp-content\/uploads\/JR-Winter-2016_cohen1.jpg\" rel=\"lightbox\"><img decoding=\"async\" class=\"alignnone size-full wp-image-1214\" src=\"http:\/\/sunhawk.ca\/art\/wp-content\/uploads\/JR-Winter-2016_cohen1_thumb.jpg\" alt=\"Leonard Cohen: Another Black Star Falls- Jewish Review Winter 2016 - pg 1\" height=\"150\" \/><\/a><a href=\"http:\/\/sunhawk.ca\/art\/wp-content\/uploads\/JR-Winter-2016_cohen2.jpg\" rel=\"lightbox\"><img decoding=\"async\" class=\"alignnone size-full wp-image-1214\" src=\"http:\/\/sunhawk.ca\/art\/wp-content\/uploads\/JR-Winter-2016_cohen2_thumb.jpg\" alt=\"Leonard Cohen: Another Black Star Falls- Jewish Review Winter 2016 - pg 2\" height=\"150\" \/><\/a><a href=\"http:\/\/sunhawk.ca\/art\/wp-content\/uploads\/JR-Winter-2016_cohen3.jpg\" rel=\"lightbox\"><img decoding=\"async\" class=\"alignnone size-full wp-image-1214\" src=\"http:\/\/sunhawk.ca\/art\/wp-content\/uploads\/JR-Winter-2016_cohen3_thumb.jpg\" alt=\"Leonard Cohen: Another Black Star Falls- Jewish Review Winter 2016 - pg 3\" height=\"150\" \/><\/a><a href=\"http:\/\/sunhawk.ca\/art\/wp-content\/uploads\/JR-Winter-2016_cohen4.jpg\" rel=\"lightbox\"><img decoding=\"async\" class=\"alignnone size-full wp-image-1214\" src=\"http:\/\/sunhawk.ca\/art\/wp-content\/uploads\/JR-Winter-2016_cohen4_thumb.jpg\" alt=\"Leonard Cohen: Another Black Star Falls- Jewish Review Winter 2016 - pg 4\" height=\"150\" \/><\/a><a href=\"http:\/\/sunhawk.ca\/art\/wp-content\/uploads\/JR-Winter-2016_cohen5.jpg\" rel=\"lightbox\"><img decoding=\"async\" class=\"alignnone size-full wp-image-1214\" src=\"http:\/\/sunhawk.ca\/art\/wp-content\/uploads\/JR-Winter-2016_cohen5_thumb.jpg\" alt=\"Leonard Cohen: Another Black Star Falls- Jewish Review Winter 2016 - pg 5\" height=\"150\" \/><\/a><a href=\"http:\/\/sunhawk.ca\/art\/wp-content\/uploads\/JR-Winter-2016_cohen6.jpg\" rel=\"lightbox\"><img decoding=\"async\" class=\"alignnone size-full wp-image-1214\" src=\"http:\/\/sunhawk.ca\/art\/wp-content\/uploads\/JR-Winter-2016_cohen6_thumb.jpg\" alt=\"Leonard Cohen: Another Black Star Falls- Jewish Review Winter 2016 - pg 6\" height=\"150\" \/><\/a><a href=\"http:\/\/sunhawk.ca\/art\/wp-content\/uploads\/JR-Winter-2016_cohen7.jpg\" rel=\"lightbox\"><img decoding=\"async\" class=\"alignnone size-full wp-image-1214\" src=\"http:\/\/sunhawk.ca\/art\/wp-content\/uploads\/JR-Winter-2016_cohen7_thumb.jpg\" alt=\"Leonard Cohen: Another Black Star Falls- Jewish Review Winter 2016 - pg 7\" height=\"150\" \/><\/a><\/p>\n<p><a href=\"http:\/\/sunhawk.ca\/art\/creativum-vitae\/skill-set\" title=\"Skill Set\">Back to Skill Set<\/a><\/p>\n","protected":false},"excerpt":{"rendered":"<p>Graphic Designer &amp; Copywriting Editor Jewish Review &#8211; Spring 2013, Fall 2013, Spring 2014, Fall 2014, Spring 2015, Winter 2015, Summer 2016, Winter 2016 &nbsp; Article Author Jewish Review &#8211; Spring 2014 &#8211; Read the article &nbsp; Jewish Review &#8211; Fall 2014 &#8211; Read the article &nbsp; Jewish Review &#8211; Spring 2015 &#8211; Read the [&hellip;]<\/p>\n","protected":false},"author":1,"featured_media":0,"parent":59,"menu_order":0,"comment_status":"closed","ping_status":"open","template":"","meta":{"footnotes":"","_links_to":"","_links_to_target":""},"class_list":["post-918","page","type-page","status-publish","hentry"],"_links":{"self":[{"href":"http:\/\/sunhawk.ca\/art\/wp-json\/wp\/v2\/pages\/918"}],"collection":[{"href":"http:\/\/sunhawk.ca\/art\/wp-json\/wp\/v2\/pages"}],"about":[{"href":"http:\/\/sunhawk.ca\/art\/wp-json\/wp\/v2\/types\/page"}],"author":[{"embeddable":true,"href":"http:\/\/sunhawk.ca\/art\/wp-json\/wp\/v2\/users\/1"}],"replies":[{"embeddable":true,"href":"http:\/\/sunhawk.ca\/art\/wp-json\/wp\/v2\/comments?post=918"}],"version-history":[{"count":33,"href":"http:\/\/sunhawk.ca\/art\/wp-json\/wp\/v2\/pages\/918\/revisions"}],"predecessor-version":[{"id":1393,"href":"http:\/\/sunhawk.ca\/art\/wp-json\/wp\/v2\/pages\/918\/revisions\/1393"}],"up":[{"embeddable":true,"href":"http:\/\/sunhawk.ca\/art\/wp-json\/wp\/v2\/pages\/59"}],"wp:attachment":[{"href":"http:\/\/sunhawk.ca\/art\/wp-json\/wp\/v2\/media?parent=918"}],"curies":[{"name":"wp","href":"https:\/\/api.w.org\/{rel}","templated":true}]}}